{"id":468,"date":"2026-02-19T09:05:50","date_gmt":"2026-02-19T08:05:50","guid":{"rendered":"https:\/\/product3d.fr\/?post_type=product&#038;p=468"},"modified":"2026-02-19T09:05:50","modified_gmt":"2026-02-19T08:05:50","slug":"support-de-carte-de-visite","status":"publish","type":"product","link":"https:\/\/product3d.fr\/index.php\/produit\/support-de-carte-de-visite\/","title":{"rendered":"Support de carte de visite"},"content":{"rendered":"<p>Ce support de carte de visite imprim\u00e9 en 3D en PLA biosourc\u00e9, offre un rendu\u00a0 \u201cmin\u00e9ral\u201d tr\u00e8s d\u00e9co.<br \/>\n\u00c0 poser sur une \u00e9tag\u00e8re ou un bureau.<br \/>\nIl permet de mettre en \u00e9vidence vos cartes de visite.<\/p>\n<p>Dessin\u00e9e et Imprim\u00e9e par nos soins dans notre atelier.<\/p>\n","protected":false},"excerpt":{"rendered":"<p>Ce support de carte de visite imprim\u00e9 en 3D en PLA biosourc\u00e9, offre un rendu\u00a0 \u201cmin\u00e9ral\u201d tr\u00e8s d\u00e9co. \u00c0 poser sur une \u00e9tag\u00e8re ou un bureau. Il permet de mettre en \u00e9vidence vos cartes de visite. Dessin\u00e9e et Imprim\u00e9e par nos soins dans notre atelier.<\/p>\n","protected":false},"featured_media":472,"comment_status":"open","ping_status":"closed","template":"","meta":[],"product_brand":[],"product_cat":[15],"product_tag":[],"class_list":{"0":"post-468","1":"product","2":"type-product","3":"status-publish","4":"has-post-thumbnail","6":"product_cat-non-classe","7":"product_shipping_class-colis-encombrant","9":"first","10":"instock","11":"shipping-taxable","12":"purchasable","13":"product-type-variable"},"exclude_global_add_ons":[],"addons":[],"jetpack_sharing_enabled":true,"_links":{"self":[{"href":"https:\/\/product3d.fr\/index.php\/wp-json\/wp\/v2\/product\/468","targetHints":{"allow":["GET"]}}],"collection":[{"href":"https:\/\/product3d.fr\/index.php\/wp-json\/wp\/v2\/product"}],"about":[{"href":"https:\/\/product3d.fr\/index.php\/wp-json\/wp\/v2\/types\/product"}],"replies":[{"embeddable":true,"href":"https:\/\/product3d.fr\/index.php\/wp-json\/wp\/v2\/comments?post=468"}],"wp:featuredmedia":[{"embeddable":true,"href":"https:\/\/product3d.fr\/index.php\/wp-json\/wp\/v2\/media\/472"}],"wp:attachment":[{"href":"https:\/\/product3d.fr\/index.php\/wp-json\/wp\/v2\/media?parent=468"}],"wp:term":[{"taxonomy":"product_brand","embeddable":true,"href":"https:\/\/product3d.fr\/index.php\/wp-json\/wp\/v2\/product_brand?post=468"},{"taxonomy":"product_cat","embeddable":true,"href":"https:\/\/product3d.fr\/index.php\/wp-json\/wp\/v2\/product_cat?post=468"},{"taxonomy":"product_tag","embeddable":true,"href":"https:\/\/product3d.fr\/index.php\/wp-json\/wp\/v2\/product_tag?post=468"}],"curies":[{"name":"wp","href":"https:\/\/api.w.org\/{rel}","templated":true}]}}