{"id":456,"date":"2026-02-13T16:32:40","date_gmt":"2026-02-13T15:32:40","guid":{"rendered":"https:\/\/product3d.fr\/?post_type=product&#038;p=456"},"modified":"2026-02-13T16:32:40","modified_gmt":"2026-02-13T15:32:40","slug":"horloge-de-bureau","status":"publish","type":"product","link":"https:\/\/product3d.fr\/index.php\/produit\/horloge-de-bureau\/","title":{"rendered":"Horloge de bureau"},"content":{"rendered":"<p>Horloge d\u00e9corative biosourc\u00e9e \u2013 ne convient pas aux enfants de moins de 3 ans.<\/p>\n<p>Cette jolie horloge, imprim\u00e9e en 3D en PLA biosourc\u00e9, offre un rendu mat \u201cmin\u00e9ral\u201d tr\u00e8s d\u00e9co.<br \/>\n\u00c0 poser sur une \u00e9tag\u00e8re ou un bureau.<\/p>\n<p>D\u00e9tails techniques &amp; options<br \/>\n\u2022 Dimensions :<br \/>\n\u2022 Mat\u00e9riau : PLA biosourc\u00e9<br \/>\n\u2022 Fonctionne avec une pile de type AA \/ LR6<\/p>\n<p>Dessin\u00e9e et Imprim\u00e9e par nos soins dans notre atelier.<\/p>\n","protected":false},"excerpt":{"rendered":"<p>Horloge d\u00e9co de bureau en mati\u00e8re biosourc\u00e9e<\/p>\n","protected":false},"featured_media":459,"comment_status":"open","ping_status":"closed","template":"","meta":[],"product_brand":[],"product_cat":[25],"product_tag":[],"class_list":{"0":"post-456","1":"product","2":"type-product","3":"status-publish","4":"has-post-thumbnail","6":"product_cat-decoration","7":"product_shipping_class-colis-encombrant","9":"first","10":"instock","11":"shipping-taxable","12":"purchasable","13":"product-type-variable"},"exclude_global_add_ons":[],"addons":[],"jetpack_sharing_enabled":true,"_links":{"self":[{"href":"https:\/\/product3d.fr\/index.php\/wp-json\/wp\/v2\/product\/456","targetHints":{"allow":["GET"]}}],"collection":[{"href":"https:\/\/product3d.fr\/index.php\/wp-json\/wp\/v2\/product"}],"about":[{"href":"https:\/\/product3d.fr\/index.php\/wp-json\/wp\/v2\/types\/product"}],"replies":[{"embeddable":true,"href":"https:\/\/product3d.fr\/index.php\/wp-json\/wp\/v2\/comments?post=456"}],"wp:featuredmedia":[{"embeddable":true,"href":"https:\/\/product3d.fr\/index.php\/wp-json\/wp\/v2\/media\/459"}],"wp:attachment":[{"href":"https:\/\/product3d.fr\/index.php\/wp-json\/wp\/v2\/media?parent=456"}],"wp:term":[{"taxonomy":"product_brand","embeddable":true,"href":"https:\/\/product3d.fr\/index.php\/wp-json\/wp\/v2\/product_brand?post=456"},{"taxonomy":"product_cat","embeddable":true,"href":"https:\/\/product3d.fr\/index.php\/wp-json\/wp\/v2\/product_cat?post=456"},{"taxonomy":"product_tag","embeddable":true,"href":"https:\/\/product3d.fr\/index.php\/wp-json\/wp\/v2\/product_tag?post=456"}],"curies":[{"name":"wp","href":"https:\/\/api.w.org\/{rel}","templated":true}]}}