{"id":344,"date":"2025-11-01T14:15:28","date_gmt":"2025-11-01T13:15:28","guid":{"rendered":"https:\/\/product3d.fr\/?post_type=product&#038;p=344"},"modified":"2025-11-01T16:34:05","modified_gmt":"2025-11-01T15:34:05","slug":"dessous-de-verre-flocon","status":"publish","type":"product","link":"https:\/\/product3d.fr\/index.php\/produit\/dessous-de-verre-flocon\/","title":{"rendered":"Dessous de verre flocon"},"content":{"rendered":"<p><img decoding=\"async\" class=\"alignnone size-medium wp-image-345 lazyload\" data-src=\"https:\/\/product3d.fr\/wp-content\/uploads\/2025\/11\/IMG_3155-scaled-e1762002794221-300x270.jpg\" alt=\"\" width=\"300\" height=\"270\" data-srcset=\"https:\/\/product3d.fr\/wp-content\/uploads\/2025\/11\/IMG_3155-scaled-e1762002794221-300x270.jpg 300w, https:\/\/product3d.fr\/wp-content\/uploads\/2025\/11\/IMG_3155-scaled-e1762002794221-1024x922.jpg 1024w, https:\/\/product3d.fr\/wp-content\/uploads\/2025\/11\/IMG_3155-scaled-e1762002794221-768x691.jpg 768w, https:\/\/product3d.fr\/wp-content\/uploads\/2025\/11\/IMG_3155-scaled-e1762002794221-1536x1382.jpg 1536w, https:\/\/product3d.fr\/wp-content\/uploads\/2025\/11\/IMG_3155-scaled-e1762002794221.jpg 1600w\" data-sizes=\"(max-width: 300px) 100vw, 300px\" src=\"data:image\/svg+xml;base64,PHN2ZyB3aWR0aD0iMSIgaGVpZ2h0PSIxIiB4bWxucz0iaHR0cDovL3d3dy53My5vcmcvMjAwMC9zdmciPjwvc3ZnPg==\" style=\"--smush-placeholder-width: 300px; --smush-placeholder-aspect-ratio: 300\/270;\" \/><\/p>\n<p>Dessous de verre en forme de flocon, id\u00e9al pour les f\u00eates de fin d&rsquo;ann\u00e9e. Dimension 90x100mm environ<\/p>\n","protected":false},"excerpt":{"rendered":"<p>Dessous de verre en forme de flocon, id\u00e9al pour les f\u00eates de fin d&rsquo;ann\u00e9e.<\/p>\n<p>Dimension 80&#215;92<\/p>\n","protected":false},"featured_media":345,"comment_status":"open","ping_status":"closed","template":"","meta":[],"product_brand":[],"product_cat":[15],"product_tag":[],"class_list":{"0":"post-344","1":"product","2":"type-product","3":"status-publish","4":"has-post-thumbnail","6":"product_cat-non-classe","8":"first","9":"instock","10":"shipping-taxable","11":"purchasable","12":"product-type-simple"},"exclude_global_add_ons":[],"addons":[],"jetpack_sharing_enabled":true,"_links":{"self":[{"href":"https:\/\/product3d.fr\/index.php\/wp-json\/wp\/v2\/product\/344","targetHints":{"allow":["GET"]}}],"collection":[{"href":"https:\/\/product3d.fr\/index.php\/wp-json\/wp\/v2\/product"}],"about":[{"href":"https:\/\/product3d.fr\/index.php\/wp-json\/wp\/v2\/types\/product"}],"replies":[{"embeddable":true,"href":"https:\/\/product3d.fr\/index.php\/wp-json\/wp\/v2\/comments?post=344"}],"wp:featuredmedia":[{"embeddable":true,"href":"https:\/\/product3d.fr\/index.php\/wp-json\/wp\/v2\/media\/345"}],"wp:attachment":[{"href":"https:\/\/product3d.fr\/index.php\/wp-json\/wp\/v2\/media?parent=344"}],"wp:term":[{"taxonomy":"product_brand","embeddable":true,"href":"https:\/\/product3d.fr\/index.php\/wp-json\/wp\/v2\/product_brand?post=344"},{"taxonomy":"product_cat","embeddable":true,"href":"https:\/\/product3d.fr\/index.php\/wp-json\/wp\/v2\/product_cat?post=344"},{"taxonomy":"product_tag","embeddable":true,"href":"https:\/\/product3d.fr\/index.php\/wp-json\/wp\/v2\/product_tag?post=344"}],"curies":[{"name":"wp","href":"https:\/\/api.w.org\/{rel}","templated":true}]}}