{"id":158,"date":"2025-08-06T10:37:43","date_gmt":"2025-08-06T08:37:43","guid":{"rendered":"https:\/\/product3d.fr\/?post_type=product&#038;p=158"},"modified":"2025-08-06T18:33:46","modified_gmt":"2025-08-06T16:33:46","slug":"support-de-telephone","status":"publish","type":"product","link":"https:\/\/product3d.fr\/index.php\/produit\/support-de-telephone\/","title":{"rendered":"Support de t\u00e9l\u00e9phone"},"content":{"rendered":"<p>Support de t\u00e9l\u00e9phone avec un smiley, couleur personnalisable<\/p>\n","protected":false},"excerpt":{"rendered":"<p>Support de t\u00e9l\u00e9phone avec un smiley, couleur personnalisable<\/p>\n","protected":false},"featured_media":97,"comment_status":"open","ping_status":"closed","template":"","meta":[],"product_brand":[],"product_cat":[19],"product_tag":[17],"class_list":{"0":"post-158","1":"product","2":"type-product","3":"status-publish","4":"has-post-thumbnail","6":"product_cat-support-telephone","7":"product_tag-p2508-004","8":"product_shipping_class-colis-encombrant","10":"first","11":"instock","12":"purchasable","13":"product-type-variable"},"exclude_global_add_ons":[],"addons":[],"jetpack_sharing_enabled":true,"_links":{"self":[{"href":"https:\/\/product3d.fr\/index.php\/wp-json\/wp\/v2\/product\/158","targetHints":{"allow":["GET"]}}],"collection":[{"href":"https:\/\/product3d.fr\/index.php\/wp-json\/wp\/v2\/product"}],"about":[{"href":"https:\/\/product3d.fr\/index.php\/wp-json\/wp\/v2\/types\/product"}],"replies":[{"embeddable":true,"href":"https:\/\/product3d.fr\/index.php\/wp-json\/wp\/v2\/comments?post=158"}],"wp:featuredmedia":[{"embeddable":true,"href":"https:\/\/product3d.fr\/index.php\/wp-json\/wp\/v2\/media\/97"}],"wp:attachment":[{"href":"https:\/\/product3d.fr\/index.php\/wp-json\/wp\/v2\/media?parent=158"}],"wp:term":[{"taxonomy":"product_brand","embeddable":true,"href":"https:\/\/product3d.fr\/index.php\/wp-json\/wp\/v2\/product_brand?post=158"},{"taxonomy":"product_cat","embeddable":true,"href":"https:\/\/product3d.fr\/index.php\/wp-json\/wp\/v2\/product_cat?post=158"},{"taxonomy":"product_tag","embeddable":true,"href":"https:\/\/product3d.fr\/index.php\/wp-json\/wp\/v2\/product_tag?post=158"}],"curies":[{"name":"wp","href":"https:\/\/api.w.org\/{rel}","templated":true}]}}