{"id":155,"date":"2025-08-06T10:05:49","date_gmt":"2025-08-06T08:05:49","guid":{"rendered":"https:\/\/product3d.fr\/?post_type=product&#038;p=155"},"modified":"2025-09-17T12:06:56","modified_gmt":"2025-09-17T10:06:56","slug":"porte-cle-prenom","status":"publish","type":"product","link":"https:\/\/product3d.fr\/index.php\/produit\/porte-cle-prenom\/","title":{"rendered":"Porte cl\u00e9 pr\u00e9nom"},"content":{"rendered":"<p>Porte cl\u00e9 pr\u00e9nom personnalisable<\/p>\n","protected":false},"excerpt":{"rendered":"<p>Joli porte cl\u00e9 totalement personnalisable<\/p>\n","protected":false},"featured_media":96,"comment_status":"open","ping_status":"closed","template":"","meta":[],"product_brand":[],"product_cat":[18],"product_tag":[16],"class_list":{"0":"post-155","1":"product","2":"type-product","3":"status-publish","4":"has-post-thumbnail","6":"product_cat-porte-cle","7":"product_tag-p2508-003","8":"product_shipping_class-lettre-suivie","10":"first","11":"instock","12":"shipping-taxable","13":"purchasable","14":"product-type-variable"},"exclude_global_add_ons":false,"addons":[{"name":"Pr\u00e9nom","type":"custom_text","position":0,"required":true,"title_format":"label","default":"","description_enable":false,"description":"","placeholder_enable":false,"placeholder":"","display":"select","restrictions_type":"only_letters","adjust_price":false,"price":"","price_type":"flat_fee","restrictions":true,"min":"0","max":"12","options":[],"id":1758110817}],"jetpack_sharing_enabled":true,"_links":{"self":[{"href":"https:\/\/product3d.fr\/index.php\/wp-json\/wp\/v2\/product\/155","targetHints":{"allow":["GET"]}}],"collection":[{"href":"https:\/\/product3d.fr\/index.php\/wp-json\/wp\/v2\/product"}],"about":[{"href":"https:\/\/product3d.fr\/index.php\/wp-json\/wp\/v2\/types\/product"}],"replies":[{"embeddable":true,"href":"https:\/\/product3d.fr\/index.php\/wp-json\/wp\/v2\/comments?post=155"}],"wp:featuredmedia":[{"embeddable":true,"href":"https:\/\/product3d.fr\/index.php\/wp-json\/wp\/v2\/media\/96"}],"wp:attachment":[{"href":"https:\/\/product3d.fr\/index.php\/wp-json\/wp\/v2\/media?parent=155"}],"wp:term":[{"taxonomy":"product_brand","embeddable":true,"href":"https:\/\/product3d.fr\/index.php\/wp-json\/wp\/v2\/product_brand?post=155"},{"taxonomy":"product_cat","embeddable":true,"href":"https:\/\/product3d.fr\/index.php\/wp-json\/wp\/v2\/product_cat?post=155"},{"taxonomy":"product_tag","embeddable":true,"href":"https:\/\/product3d.fr\/index.php\/wp-json\/wp\/v2\/product_tag?post=155"}],"curies":[{"name":"wp","href":"https:\/\/api.w.org\/{rel}","templated":true}]}}