{"id":300,"date":"2025-09-17T09:56:46","date_gmt":"2025-09-17T07:56:46","guid":{"rendered":"https:\/\/product3d.fr\/?page_id=300"},"modified":"2025-09-23T18:42:59","modified_gmt":"2025-09-23T16:42:59","slug":"programmer-son-t","status":"publish","type":"page","link":"https:\/\/product3d.fr\/index.php\/programmer-son-t\/","title":{"rendered":"Programmer son Tagou"},"content":{"rendered":"\n<p>Comment programmer votre Tagou avec vos informations<\/p>\n\n\n\n<p><strong>\u00c9tape 1\u00a0: Rassemblez vos outils<\/strong><br>\u25cf Un smartphone compatible NFC (Android ou iPhone).<br>\u25cf 1 Tagou<br>\u25cf Une application d&rsquo;\u00e9criture NFC (conseill\u00e9e\u00a0: NFC Tools pour Android ou iOS).<br>\u00a0<br><strong>\u00c9tape 2\u00a0: Installer l\u2019application d\u2019\u00e9criture NFC<\/strong><br>\u25cf Acc\u00e9dez au Google Play Store ou \u00e0 l\u2019App Store d\u2019Apple.<br>\u25cf T\u00e9l\u00e9chargez et installez NFC Tools ou une application similaire.<br>\u00a0<br><strong>\u00c9tape 3\u00a0: Pr\u00e9parez vos informations<\/strong><br>\u25cf R\u00e9fl\u00e9chissez aux informations que vous souhaitez conserver, telles que\u00a0:<br>         &#8211; Num\u00e9ro de t\u00e9l\u00e9phone (conseill\u00e9)<br>         &#8211; Votre nom, et\/ou celui de votre animal<br>\u00a0<br><strong>\u00c9tape 4\u00a0: \u00c9crire le tag NFC (description faite \u00e0 partir de l\u2019application NFC Tools)<\/strong><\/p>\n\n\n\n<ol class=\"wp-block-list\">\n<li>Ouvrez l\u2019application Outils NFC.<\/li>\n\n\n\n<li>S\u00e9lectionnez \u00ab&nbsp;\u00c9crire&nbsp;\u00bb dans le menu principal.<\/li>\n\n\n\n<li>Appuyez sur \u00ab&nbsp;Ajouter un enregistrement&nbsp;\u00bb.<\/li>\n\n\n\n<li>Saisissez vos informations, on vous conseille fortement d\u2019utiliser&nbsp;:<\/li>\n<\/ol>\n\n\n\n<p><strong>\u00c9tape 5&nbsp;: \u00c9crire sur le tag NFC<\/strong><\/p>\n\n\n\n<ol class=\"wp-block-list\">\n<li>Appuyez sur \u00ab&nbsp;\u00c9crire&nbsp;\u00bb dans l&rsquo;application.<\/li>\n\n\n\n<li>Approchez votre t\u00e9l\u00e9phone du tag NFC.<\/li>\n\n\n\n<li>L&rsquo;application confirmera \u00ab&nbsp;\u00c9crit correctement&nbsp;\u00bb une fois l&rsquo;op\u00e9ration termin\u00e9e.<\/li>\n<\/ol>\n\n\n\n<p><strong>\u00c9tape 6&nbsp;: Testez votre tag<\/strong><br>\u25cf Il vous suffit d&rsquo;approcher votre t\u00e9l\u00e9phone du Tagou pour v\u00e9rifier les informations.<br>\u25cf Assurez-vous que les donn\u00e9es s&rsquo;affichent correctement.<\/p>\n\n\n\n<p><\/p>\n\n\n\n<p>Vous pouvez t\u00e9l\u00e9charger la version pdf du guide d&rsquo;installation ici :<\/p>\n\n\n\n<div data-wp-interactive=\"core\/file\" class=\"wp-block-file\"><object data-wp-bind--hidden=\"!state.hasPdfPreview\" hidden class=\"wp-block-file__embed\" data=\"https:\/\/product3d.fr\/wp-content\/uploads\/2025\/09\/Comment-programmer-votre-Tagou-avec-vos-informations.pdf\" type=\"application\/pdf\" style=\"width:100%;height:600px\" aria-label=\"Contenu embarqu\u00e9 Comment programmer votre Tagou avec vos informations.\"><\/object><a id=\"wp-block-file--media-ab0dd3ad-4484-4579-a9d0-34b0a29abeb6\" href=\"https:\/\/product3d.fr\/wp-content\/uploads\/2025\/09\/Comment-programmer-votre-Tagou-avec-vos-informations.pdf\">Comment programmer votre Tagou avec vos informations<\/a><a href=\"https:\/\/product3d.fr\/wp-content\/uploads\/2025\/09\/Comment-programmer-votre-Tagou-avec-vos-informations.pdf\" class=\"wp-block-file__button wp-element-button\" download aria-describedby=\"wp-block-file--media-ab0dd3ad-4484-4579-a9d0-34b0a29abeb6\">T\u00e9l\u00e9charger<\/a><\/div>\n","protected":false},"excerpt":{"rendered":"<p>Comment programmer votre Tagou avec vos informations \u00c9tape 1\u00a0: Rassemblez vos outils\u25cf Un smartphone compatible NFC (Android ou iPhone).\u25cf 1 Tagou\u25cf Une application d&rsquo;\u00e9criture NFC (conseill\u00e9e\u00a0: NFC Tools pour Android ou iOS).\u00a0\u00c9tape 2\u00a0: Installer l\u2019application d\u2019\u00e9criture NFC\u25cf Acc\u00e9dez au Google Play Store ou \u00e0 l\u2019App Store d\u2019Apple.\u25cf T\u00e9l\u00e9chargez et installez NFC Tools ou une application [&hellip;]<\/p>\n","protected":false},"author":1,"featured_media":0,"parent":0,"menu_order":0,"comment_status":"closed","ping_status":"closed","template":"","meta":{"footnotes":""},"class_list":["post-300","page","type-page","status-publish","hentry"],"jetpack_sharing_enabled":true,"_links":{"self":[{"href":"https:\/\/product3d.fr\/index.php\/wp-json\/wp\/v2\/pages\/300","targetHints":{"allow":["GET"]}}],"collection":[{"href":"https:\/\/product3d.fr\/index.php\/wp-json\/wp\/v2\/pages"}],"about":[{"href":"https:\/\/product3d.fr\/index.php\/wp-json\/wp\/v2\/types\/page"}],"author":[{"embeddable":true,"href":"https:\/\/product3d.fr\/index.php\/wp-json\/wp\/v2\/users\/1"}],"replies":[{"embeddable":true,"href":"https:\/\/product3d.fr\/index.php\/wp-json\/wp\/v2\/comments?post=300"}],"version-history":[{"count":4,"href":"https:\/\/product3d.fr\/index.php\/wp-json\/wp\/v2\/pages\/300\/revisions"}],"predecessor-version":[{"id":330,"href":"https:\/\/product3d.fr\/index.php\/wp-json\/wp\/v2\/pages\/300\/revisions\/330"}],"wp:attachment":[{"href":"https:\/\/product3d.fr\/index.php\/wp-json\/wp\/v2\/media?parent=300"}],"curies":[{"name":"wp","href":"https:\/\/api.w.org\/{rel}","templated":true}]}}