{"id":291,"date":"2025-09-17T09:42:52","date_gmt":"2025-09-17T07:42:52","guid":{"rendered":"https:\/\/product3d.fr\/?page_id=291"},"modified":"2026-02-20T16:30:41","modified_gmt":"2026-02-20T15:30:41","slug":"tagou","status":"publish","type":"page","link":"https:\/\/product3d.fr\/index.php\/tagou\/","title":{"rendered":"TAGOU"},"content":{"rendered":"\n<h1 class=\"wp-block-heading has-text-align-center\"> le m\u00e9daillon intelligent pour vos compagnons \u00e0 4 pattes<\/h1>\n\n\n\n<h2 class=\"wp-block-heading\"><strong>\ud83d\udca1 Pourquoi choisir Tagou ?<\/strong><\/h2>\n\n\n\n<div class=\"wp-block-columns is-layout-flex wp-container-core-columns-is-layout-9d6595d7 wp-block-columns-is-layout-flex\">\n<div class=\"wp-block-column is-layout-flow wp-block-column-is-layout-flow\" style=\"flex-basis:50%\">\n<ul class=\"wp-block-list\">\n<li>\ud83d\udd10 Identification instantan\u00e9e<\/li>\n\n\n\n<li>Coordonn\u00e9es accessibles en 1 scan, en cas de perte.<\/li>\n\n\n\n<li>\ud83d\udcf1 Aucun abonnement, aucune app<\/li>\n\n\n\n<li>Fonctionne avec tous les smartphones NFC.<\/li>\n\n\n\n<li>\ud83d\udca7 R\u00e9sistant et durable<\/li>\n\n\n\n<li>\u00c9tanche, l\u00e9ger et con\u00e7u pour le quotidien.<\/li>\n<\/ul>\n<\/div>\n\n\n\n<div class=\"wp-block-column is-layout-flow wp-block-column-is-layout-flow\" style=\"flex-basis:50%\"><div class=\"wp-block-image is-style-default\">\n<figure class=\"aligncenter size-large is-resized\"><img decoding=\"async\" width=\"1024\" height=\"1024\" data-src=\"https:\/\/product3d.fr\/wp-content\/uploads\/2025\/09\/IMG_2978-1024x1024.jpg\" alt=\"\" class=\"wp-image-327 lazyload\" style=\"--smush-placeholder-width: 1024px; --smush-placeholder-aspect-ratio: 1024\/1024;width:179px;height:auto\" data-srcset=\"https:\/\/product3d.fr\/wp-content\/uploads\/2025\/09\/IMG_2978-1024x1024.jpg 1024w, https:\/\/product3d.fr\/wp-content\/uploads\/2025\/09\/IMG_2978-300x300.jpg 300w, https:\/\/product3d.fr\/wp-content\/uploads\/2025\/09\/IMG_2978-150x150.jpg 150w, https:\/\/product3d.fr\/wp-content\/uploads\/2025\/09\/IMG_2978-768x768.jpg 768w, https:\/\/product3d.fr\/wp-content\/uploads\/2025\/09\/IMG_2978-1536x1536.jpg 1536w, https:\/\/product3d.fr\/wp-content\/uploads\/2025\/09\/IMG_2978-100x100.jpg 100w, https:\/\/product3d.fr\/wp-content\/uploads\/2025\/09\/IMG_2978.jpg 1599w\" data-sizes=\"(max-width: 1024px) 100vw, 1024px\" src=\"data:image\/svg+xml;base64,PHN2ZyB3aWR0aD0iMSIgaGVpZ2h0PSIxIiB4bWxucz0iaHR0cDovL3d3dy53My5vcmcvMjAwMC9zdmciPjwvc3ZnPg==\" \/><\/figure>\n<\/div><\/div>\n<\/div>\n\n\n\n<p><\/p>\n\n\n\n<h2 class=\"wp-block-heading\">\ud83d\udd04 Comment \u00e7a marche ?<\/h2>\n\n\n\n<p>1. Activez le m\u00e9daillon via notre <a href=\"https:\/\/product3d.fr\/index.php\/programmer-son-t\/\" data-type=\"page\" data-id=\"300\">guide<\/a>.<br>2. Renseignez les infos de votre animal.<br>3. Accrochez-le au collier.<br>4. Toute personne peut le scanner en cas de besoin.<\/p>\n\n\n\n<p>\u26a1 Scan = affichage imm\u00e9diat d\u2019une fiche personnalis\u00e9e !<\/p>\n\n\n\n<p><strong>Si besoin, on peut se charger d&rsquo;activer votre m\u00e9daillon pour vous, et sans suppl\u00e9ment.<\/strong><\/p>\n\n\n\n<p><\/p>\n\n\n\n<h2 class=\"wp-block-heading\">\ud83d\udcb8 Prix &amp; Disponibilit\u00e9<\/h2>\n\n\n\n<p>Tagou \u2013 14,90 \u20ac<\/p>\n\n\n\n<p>Les couleurs sont personnalisables <br>\ud83d\udce6 Livraison rapide<\/p>\n\n\n\n<p>\ud83d\udd18 <a href=\"https:\/\/product3d.fr\/index.php\/boutique\/\" data-type=\"page\" data-id=\"101\">Commander maintenant<\/a><\/p>\n\n\n\n<p><\/p>\n\n\n\n<h2 class=\"wp-block-heading\">\ud83d\udcde Contact \/ Partenariat pro<br><\/h2>\n\n\n\n<p>\u2022 Revendeurs, v\u00e9t\u00e9rinaires ou boutiques ?<br>Contactez-nous pour un partenariat local ou en d\u00e9p\u00f4t-vente.<\/p>\n\n\n\n<p>\ud83d\udce7 contact@product3d.fr<br>\ud83d\udcf1 06 03 02 25 56<\/p>\n","protected":false},"excerpt":{"rendered":"<p>le m\u00e9daillon intelligent pour vos compagnons \u00e0 4 pattes \ud83d\udca1 Pourquoi choisir Tagou ? \ud83d\udd04 Comment \u00e7a marche ? 1. Activez le m\u00e9daillon via notre guide.2. Renseignez les infos de votre animal.3. Accrochez-le au collier.4. Toute personne peut le scanner en cas de besoin. \u26a1 Scan = affichage imm\u00e9diat d\u2019une fiche personnalis\u00e9e ! Si besoin, [&hellip;]<\/p>\n","protected":false},"author":1,"featured_media":0,"parent":0,"menu_order":0,"comment_status":"closed","ping_status":"closed","template":"","meta":{"footnotes":""},"class_list":["post-291","page","type-page","status-publish","hentry"],"jetpack_sharing_enabled":true,"_links":{"self":[{"href":"https:\/\/product3d.fr\/index.php\/wp-json\/wp\/v2\/pages\/291","targetHints":{"allow":["GET"]}}],"collection":[{"href":"https:\/\/product3d.fr\/index.php\/wp-json\/wp\/v2\/pages"}],"about":[{"href":"https:\/\/product3d.fr\/index.php\/wp-json\/wp\/v2\/types\/page"}],"author":[{"embeddable":true,"href":"https:\/\/product3d.fr\/index.php\/wp-json\/wp\/v2\/users\/1"}],"replies":[{"embeddable":true,"href":"https:\/\/product3d.fr\/index.php\/wp-json\/wp\/v2\/comments?post=291"}],"version-history":[{"count":7,"href":"https:\/\/product3d.fr\/index.php\/wp-json\/wp\/v2\/pages\/291\/revisions"}],"predecessor-version":[{"id":485,"href":"https:\/\/product3d.fr\/index.php\/wp-json\/wp\/v2\/pages\/291\/revisions\/485"}],"wp:attachment":[{"href":"https:\/\/product3d.fr\/index.php\/wp-json\/wp\/v2\/media?parent=291"}],"curies":[{"name":"wp","href":"https:\/\/api.w.org\/{rel}","templated":true}]}}