{"id":2,"date":"2025-07-31T16:10:39","date_gmt":"2025-07-31T16:10:39","guid":{"rendered":"http:\/\/product3d.fr\/?page_id=2"},"modified":"2025-07-31T17:32:52","modified_gmt":"2025-07-31T17:32:52","slug":"a-propos-de-nous","status":"publish","type":"page","link":"https:\/\/product3d.fr\/index.php\/a-propos-de-nous\/","title":{"rendered":"A propos de nous&#8230;"},"content":{"rendered":"\n<p class=\"has-text-align-center\">Une passion pour la cr\u00e9ation, une expertise en impression 3D<\/p>\n\n\n\n<p>Product&rsquo;3D est n\u00e9e d\u2019une passion pour la fabrication additive et d\u2019une volont\u00e9 d\u2019offrir un service fiable, rapide et accessible. Nous proposons des solutions sur mesure pour les particuliers comme pour les professionnels. Notre expertise technique et notre mat\u00e9riel de pointe nous permettent de r\u00e9pondre \u00e0 tous types de demandes, du prototype industriel \u00e0 la pi\u00e8ce d\u00e9corative.<\/p>\n\n\n\n<p>Donnez vie \u00e0 vos id\u00e9es gr\u00e2ce \u00e0 notre service d\u2019impression 3D de haute qualit\u00e9. Que vous soyez un particulier, un professionnel ou un cr\u00e9atif, nous vous accompagnons de la conception \u00e0 la production.<\/p>\n\n\n\n<p>Pourquoi nous faire confiance :<\/p>\n\n\n\n<p>&#8211; 100 % personnalisable<br>&#8211; R\u00e9activit\u00e9 et d\u00e9lais courts<br>&#8211; \u00c9change direct avec un expert<\/p>\n\n\n\n<p>Notre atelier se situe \u00e0 Mercey Le Grand dans le Doubs.<\/p>\n","protected":false},"excerpt":{"rendered":"<p>Une passion pour la cr\u00e9ation, une expertise en impression 3D Product&rsquo;3D est n\u00e9e d\u2019une passion pour la fabrication additive et d\u2019une volont\u00e9 d\u2019offrir un service fiable, rapide et accessible. Nous proposons des solutions sur mesure pour les particuliers comme pour les professionnels. Notre expertise technique et notre mat\u00e9riel de pointe nous permettent de r\u00e9pondre \u00e0 [&hellip;]<\/p>\n","protected":false},"author":1,"featured_media":0,"parent":0,"menu_order":0,"comment_status":"closed","ping_status":"open","template":"","meta":{"footnotes":""},"class_list":["post-2","page","type-page","status-publish","hentry"],"jetpack_sharing_enabled":true,"_links":{"self":[{"href":"https:\/\/product3d.fr\/index.php\/wp-json\/wp\/v2\/pages\/2","targetHints":{"allow":["GET"]}}],"collection":[{"href":"https:\/\/product3d.fr\/index.php\/wp-json\/wp\/v2\/pages"}],"about":[{"href":"https:\/\/product3d.fr\/index.php\/wp-json\/wp\/v2\/types\/page"}],"author":[{"embeddable":true,"href":"https:\/\/product3d.fr\/index.php\/wp-json\/wp\/v2\/users\/1"}],"replies":[{"embeddable":true,"href":"https:\/\/product3d.fr\/index.php\/wp-json\/wp\/v2\/comments?post=2"}],"version-history":[{"count":2,"href":"https:\/\/product3d.fr\/index.php\/wp-json\/wp\/v2\/pages\/2\/revisions"}],"predecessor-version":[{"id":20,"href":"https:\/\/product3d.fr\/index.php\/wp-json\/wp\/v2\/pages\/2\/revisions\/20"}],"wp:attachment":[{"href":"https:\/\/product3d.fr\/index.php\/wp-json\/wp\/v2\/media?parent=2"}],"curies":[{"name":"wp","href":"https:\/\/api.w.org\/{rel}","templated":true}]}}